{"id":3,"date":"2024-06-06T23:20:14","date_gmt":"2024-06-07T02:20:14","guid":{"rendered":"http:\/\/grupoaguia.com.br\/?page_id=3"},"modified":"2024-06-21T11:44:58","modified_gmt":"2024-06-21T14:44:58","slug":"politica-de-privacidade","status":"publish","type":"page","link":"https:\/\/grupoaguia.com.br\/en\/politica-de-privacidade\/","title":{"rendered":"Privacy Policy"},"content":{"rendered":"<p class=\"qtranxs-available-languages-message qtranxs-available-languages-message-en\">Sorry, this entry is only available in <a href=\"https:\/\/grupoaguia.com.br\/pb\/wp-json\/wp\/v2\/pages\/3\" class=\"qtranxs-available-language-link qtranxs-available-language-link-pb\" title=\"PT\">PT<\/a>.<\/p><p>Este site \u00e9 mantido e operado pelo Grupo \u00c1guia. Esta pol\u00edtica de Privacidade explica como o provedor desta p\u00e1gina da web coleta, processa e\/ou utiliza dados pessoais na internet.<\/p>\n<p>N\u00f3s coletamos e utilizamos alguns dados pessoais que pertencem \u00e0queles que utilizam nosso site. Ao faz\u00ea-lo, agimos na qualidade de controlador desses dados e estamos sujeitos \u00e0s disposi\u00e7\u00f5es da Lei Federal n. 13.709\/2018 (Lei Geral de Prote\u00e7\u00e3o de Dados Pessoais &#8211; LGPD).<\/p>\n<p>N\u00f3s cuidamos da prote\u00e7\u00e3o de seus dados pessoais e, por isso, disponibilizamos esta pol\u00edtica de privacidade, que cont\u00e9m informa\u00e7\u00f5es importantes sobre:<\/p>\n<p>&#8211; Quem deve utilizar nosso site;<br \/>\n&#8211; Quais dados coletamos e o que fazemos com eles;<br \/>\n&#8211; Seus direitos em rela\u00e7\u00e3o aos seus dados pessoais; e<br \/>\n&#8211; Como entrar em contato conosco.<\/p>\n<p><strong>1. Dados que coletamos e motivos da coleta<\/strong><br \/>\nNosso site coleta e utiliza alguns dados pessoais de nossos usu\u00e1rios, de acordo com o disposto nesta se\u00e7\u00e3o.<br \/>\n1. Dados pessoais fornecidos expressamente pelo usu\u00e1rio<\/p>\n<p><strong>SEGURAN\u00c7A DOS DADOS<\/strong><br \/>\nO GRUPO \u00c1GUIA responsabiliza-se pela manuten\u00e7\u00e3o de medidas de seguran\u00e7a, t\u00e9cnicas e administrativas aptas a proteger os dados pessoais de acessos n\u00e3o autorizados e de situa\u00e7\u00f5es acidentais ou il\u00edcitas de destrui\u00e7\u00e3o, perda, altera\u00e7\u00e3o, comunica\u00e7\u00e3o ou qualquer forma de tratamento inadequado ou il\u00edcito.<\/p>\n<p>Em conformidade ao art. 48 da Lei n\u00ba 13.709, o GRUPO \u00c1GUIA comunicar\u00e1 ao Titular e \u00e0 Autoridade Nacional de Prote\u00e7\u00e3o de Dados (ANPD) a ocorr\u00eancia de incidente de seguran\u00e7a que possa acarretar risco ou dano relevante ao Titular.<\/p>\n<p><strong>T\u00c9RMINO DO TRATAMENTO DOS DADOS<\/strong><br \/>\nO GRUPO \u00c1GUIA poder\u00e1 manter e tratar os dados pessoais do Titular durante todo o per\u00edodo em que eles forem pertinentes ao alcance das finalidades listadas neste termo. Dados pessoais anonimizados, sem possibilidade de associa\u00e7\u00e3o ao indiv\u00edduo, poder\u00e3o ser mantidos por per\u00edodo indefinido.<\/p>\n<p>O Titular poder\u00e1 solicitar via e-mail ou correspond\u00eancia ao GRUPO \u00c1GUIA, a qualquer momento, que sejam eliminados os dados pessoais n\u00e3o anonimizados do Titular.<\/p>\n<p><strong>DIREITOS DO TITULAR<\/strong><br \/>\nO Titular tem direito a obter do GRUPO \u00c1GUIA, em rela\u00e7\u00e3o aos dados por ele tratados, a qualquer momento e mediante requisi\u00e7\u00e3o: I &#8211; confirma\u00e7\u00e3o da exist\u00eancia de tratamento; II &#8211; acesso aos dados; III &#8211; corre\u00e7\u00e3o de dados incompletos, inexatos ou desatualizados; IV &#8211; anonimiza\u00e7\u00e3o, bloqueio ou elimina\u00e7\u00e3o de dados desnecess\u00e1rios, excessivos ou tratados em desconformidade com o disposto na Lei n\u00ba 13.709; V &#8211; portabilidade dos dados a outro fornecedor de servi\u00e7o ou produto, mediante requisi\u00e7\u00e3o expressa e observados os segredos comercial e industrial, de acordo com a regulamenta\u00e7\u00e3o do \u00f3rg\u00e3o controlador; V &#8211; portabilidade dos dados a outro fornecedor de servi\u00e7o ou produto, mediante requisi\u00e7\u00e3o expressa, de acordo com a regulamenta\u00e7\u00e3o da autoridade nacional, observados os segredos comercial e industrial; VI &#8211; elimina\u00e7\u00e3o dos dados pessoais tratados com o consentimento do titular, exceto nas hip\u00f3teses previstas no art. 16 da Lei n\u00ba 13.709; VII &#8211; informa\u00e7\u00e3o das entidades p\u00fablicas e privadas com as quais o controlador realizou uso compartilhado de dados; VIII &#8211; informa\u00e7\u00e3o sobre a possibilidade de n\u00e3o fornecer consentimento e sobre as consequ\u00eancias da negativa; IX &#8211; revoga\u00e7\u00e3o do consentimento, nos termos do \u00a7 5\u00ba do art. 8\u00ba da Lei n\u00ba 13.709.<\/p>\n<p><strong>DIREITO DE REVOGA\u00c7\u00c3O DO CONSENTIMENTO<\/strong><br \/>\nEste consentimento poder\u00e1 ser revogado pelo Titular, a qualquer momento, mediante solicita\u00e7\u00e3o via e-mail ou correspond\u00eancia para\u00a0<a href=\"mailto:rh@grupoaguia.com.br\">rh@grupoaguia.com.br<\/a>.<\/p>","protected":false},"excerpt":{"rendered":"<p>Sorry, this entry is only available in PT.Este site \u00e9 mantido e operado pelo Grupo \u00c1guia. Esta pol\u00edtica de Privacidade explica como o provedor desta p\u00e1gina da web coleta, processa e\/ou utiliza dados pessoais na internet. N\u00f3s coletamos e utilizamos alguns dados pessoais que pertencem \u00e0queles que utilizam nosso site. Ao faz\u00ea-lo, agimos na qualidade [&hellip;]<\/p>\n","protected":false},"author":1,"featured_media":0,"parent":0,"menu_order":0,"comment_status":"closed","ping_status":"open","template":"page-templates\/politica-privacidade.php","meta":{"footnotes":""},"class_list":["post-3","page","type-page","status-publish","hentry"],"_links":{"self":[{"href":"https:\/\/grupoaguia.com.br\/en\/wp-json\/wp\/v2\/pages\/3","targetHints":{"allow":["GET"]}}],"collection":[{"href":"https:\/\/grupoaguia.com.br\/en\/wp-json\/wp\/v2\/pages"}],"about":[{"href":"https:\/\/grupoaguia.com.br\/en\/wp-json\/wp\/v2\/types\/page"}],"author":[{"embeddable":true,"href":"https:\/\/grupoaguia.com.br\/en\/wp-json\/wp\/v2\/users\/1"}],"replies":[{"embeddable":true,"href":"https:\/\/grupoaguia.com.br\/en\/wp-json\/wp\/v2\/comments?post=3"}],"version-history":[{"count":2,"href":"https:\/\/grupoaguia.com.br\/en\/wp-json\/wp\/v2\/pages\/3\/revisions"}],"predecessor-version":[{"id":40,"href":"https:\/\/grupoaguia.com.br\/en\/wp-json\/wp\/v2\/pages\/3\/revisions\/40"}],"wp:attachment":[{"href":"https:\/\/grupoaguia.com.br\/en\/wp-json\/wp\/v2\/media?parent=3"}],"curies":[{"name":"wp","href":"https:\/\/api.w.org\/{rel}","templated":true}]}}